{"id":144,"date":"2024-12-29T20:18:24","date_gmt":"2024-12-29T20:18:24","guid":{"rendered":"https:\/\/aemtl.org\/?page_id=144"},"modified":"2025-02-07T06:00:43","modified_gmt":"2025-02-07T06:00:43","slug":"charter","status":"publish","type":"page","link":"https:\/\/aemtl.org\/pt\/aemtl\/charter\/","title":{"rendered":"Estatutos"},"content":{"rendered":"\n<p>Estes s\u00e3o os principais documentos relacionados com a cria\u00e7\u00e3o e o registo da AEMTL. Incluem tamb\u00e9m os estatutos, documento que orienta o esp\u00edrito desta organiza\u00e7\u00e3o.<br>\u00a0<br><a href=\"https:\/\/aemtl.tl\/images\/pdf\/Acta%20da%20Assembleia%20Geral_Constituicao%20da%20AEMTL.pdf\" target=\"_blank\" rel=\"noreferrer noopener\">Ata da Assembleia Geral_Constitui\u00e7\u00e3o da AEMTL<\/a><br>\u00a0<br><a href=\"https:\/\/aemtl.tl\/images\/pdf\/Documentos%20de%20Registo%20da%20AEMTL_Estatuto%20de%202018.pdf\" target=\"_blank\" rel=\"noreferrer noopener\">Documentos de Registo da AEMTL_Estatuto de 2018<\/a><\/p>\n\n\n\n<p><\/p>\n","protected":false},"excerpt":{"rendered":"<p>Estes s\u00e3o os principais documentos relacionados com a cria\u00e7\u00e3o e o registo da AEMTL. Incluem tamb\u00e9m os estatutos, documento que orienta o esp\u00edrito desta organiza\u00e7\u00e3o.\u00a0Ata da Assembleia Geral_Constitui\u00e7\u00e3o da AEMTL\u00a0Documentos de Registo da AEMTL_Estatuto de 2018<\/p>\n","protected":false},"author":1,"featured_media":0,"parent":19,"menu_order":0,"comment_status":"closed","ping_status":"closed","template":"","meta":{"footnotes":""},"class_list":["post-144","page","type-page","status-publish","hentry"],"_links":{"self":[{"href":"https:\/\/aemtl.org\/pt\/wp-json\/wp\/v2\/pages\/144","targetHints":{"allow":["GET"]}}],"collection":[{"href":"https:\/\/aemtl.org\/pt\/wp-json\/wp\/v2\/pages"}],"about":[{"href":"https:\/\/aemtl.org\/pt\/wp-json\/wp\/v2\/types\/page"}],"author":[{"embeddable":true,"href":"https:\/\/aemtl.org\/pt\/wp-json\/wp\/v2\/users\/1"}],"replies":[{"embeddable":true,"href":"https:\/\/aemtl.org\/pt\/wp-json\/wp\/v2\/comments?post=144"}],"version-history":[{"count":7,"href":"https:\/\/aemtl.org\/pt\/wp-json\/wp\/v2\/pages\/144\/revisions"}],"predecessor-version":[{"id":1095,"href":"https:\/\/aemtl.org\/pt\/wp-json\/wp\/v2\/pages\/144\/revisions\/1095"}],"up":[{"embeddable":true,"href":"https:\/\/aemtl.org\/pt\/wp-json\/wp\/v2\/pages\/19"}],"wp:attachment":[{"href":"https:\/\/aemtl.org\/pt\/wp-json\/wp\/v2\/media?parent=144"}],"curies":[{"name":"wp","href":"https:\/\/api.w.org\/{rel}","templated":true}]}}