{"id":33,"date":"2024-12-28T11:04:19","date_gmt":"2024-12-28T11:04:19","guid":{"rendered":"https:\/\/aemtl.org\/?page_id=33"},"modified":"2025-02-07T10:00:38","modified_gmt":"2025-02-07T10:00:38","slug":"governing-bodies","status":"publish","type":"page","link":"https:\/\/aemtl.org\/pt\/aemtl\/governing-bodies\/","title":{"rendered":"\u00d3rg\u00e3os Sociais"},"content":{"rendered":"\n<p>A estrutura da AEMTL est\u00e1 orientada para a melhor forma de servir as suas associadas e procura refor\u00e7ar a qualidade dos servi\u00e7os prestados, assegurando estruturas de gest\u00e3o adequadas.<\/p>\n\n\n\n<figure class=\"wp-block-image size-full\"><img loading=\"lazy\" decoding=\"async\" width=\"976\" height=\"530\" src=\"https:\/\/aemtl.org\/wp-content\/uploads\/2025\/01\/GOV_BODIES.png\" alt=\"\" class=\"wp-image-249\" srcset=\"https:\/\/aemtl.org\/wp-content\/uploads\/2025\/01\/GOV_BODIES.png 976w, https:\/\/aemtl.org\/wp-content\/uploads\/2025\/01\/GOV_BODIES-300x163.png 300w, https:\/\/aemtl.org\/wp-content\/uploads\/2025\/01\/GOV_BODIES-768x417.png 768w\" sizes=\"auto, (max-width: 976px) 100vw, 976px\" \/><\/figure>\n\n\n\n<p><\/p>\n","protected":false},"excerpt":{"rendered":"<p>A estrutura da AEMTL est\u00e1 orientada para a melhor forma de servir as suas associadas e procura refor\u00e7ar a qualidade dos servi\u00e7os prestados, assegurando estruturas de gest\u00e3o adequadas.<\/p>\n","protected":false},"author":1,"featured_media":0,"parent":19,"menu_order":0,"comment_status":"closed","ping_status":"closed","template":"","meta":{"footnotes":""},"class_list":["post-33","page","type-page","status-publish","hentry"],"_links":{"self":[{"href":"https:\/\/aemtl.org\/pt\/wp-json\/wp\/v2\/pages\/33","targetHints":{"allow":["GET"]}}],"collection":[{"href":"https:\/\/aemtl.org\/pt\/wp-json\/wp\/v2\/pages"}],"about":[{"href":"https:\/\/aemtl.org\/pt\/wp-json\/wp\/v2\/types\/page"}],"author":[{"embeddable":true,"href":"https:\/\/aemtl.org\/pt\/wp-json\/wp\/v2\/users\/1"}],"replies":[{"embeddable":true,"href":"https:\/\/aemtl.org\/pt\/wp-json\/wp\/v2\/comments?post=33"}],"version-history":[{"count":5,"href":"https:\/\/aemtl.org\/pt\/wp-json\/wp\/v2\/pages\/33\/revisions"}],"predecessor-version":[{"id":1169,"href":"https:\/\/aemtl.org\/pt\/wp-json\/wp\/v2\/pages\/33\/revisions\/1169"}],"up":[{"embeddable":true,"href":"https:\/\/aemtl.org\/pt\/wp-json\/wp\/v2\/pages\/19"}],"wp:attachment":[{"href":"https:\/\/aemtl.org\/pt\/wp-json\/wp\/v2\/media?parent=33"}],"curies":[{"name":"wp","href":"https:\/\/api.w.org\/{rel}","templated":true}]}}