{"id":84,"date":"2024-12-28T12:33:10","date_gmt":"2024-12-28T12:33:10","guid":{"rendered":"https:\/\/aemtl.org\/why-become-a-member\/"},"modified":"2025-02-07T07:25:38","modified_gmt":"2025-02-07T07:25:38","slug":"why-become-a-member","status":"publish","type":"page","link":"https:\/\/aemtl.org\/pt\/members\/why-become-a-member\/","title":{"rendered":"Vantagens das Associadas"},"content":{"rendered":"\n<p><strong>Benef\u00edcios de se tornar membro da AEMTL<\/strong><\/p>\n\n\n\n<p>Ao tornar-se membro da AEMTL, poder\u00e1 usufruir de v\u00e1rias vantagens, tais como:<\/p>\n\n\n\n<p><strong>Rede de contactos empresariais<\/strong><\/p>\n\n\n\n<p>Acesso a uma rede de contactos empresariais que oferece apoio, orienta\u00e7\u00e3o e oportunidades para colabora\u00e7\u00e3o a n\u00edvel nacional e internacional.<\/p>\n\n\n\n<p><strong>Recursos e Forma\u00e7\u00e3o<\/strong><\/p>\n\n\n\n<p>Beneficie de programas de forma\u00e7\u00e3o, workshops e outros recursos disponibilizados pela associa\u00e7\u00e3o, que visam melhorar as suas compet\u00eancias na gest\u00e3o empresarial e no desenvolvimento pessoal.<\/p>\n\n\n\n<p><strong>Visibilidade, Promo\u00e7\u00e3o e Acesso ao Mercado<\/strong><\/p>\n\n\n\n<p>Oportunidade de promover o seu neg\u00f3cio atrav\u00e9s de eventos, feiras e campanhas promocionais organizadas pela associa\u00e7\u00e3o, aumentando assim a visibilidade da sua marca.<\/p>\n\n\n\n<p><strong>Advocacia e Representa\u00e7\u00e3o<\/strong><\/p>\n\n\n\n<p>Participa\u00e7\u00e3o em quest\u00f5es relevantes para as mulheres empreendedoras, defendendo os interesses empresariais junto de entidades governamentais e outras organiza\u00e7\u00f5es, contribuindo tamb\u00e9m para reformas legislativas que beneficiem as mulheres.<\/p>\n\n\n\n<p><strong>Apoio e Empoderamento<\/strong><\/p>\n\n\n\n<p>Integra\u00e7\u00e3o numa comunidade que valoriza e refor\u00e7a o papel das mulheres no mundo dos neg\u00f3cios, criando um ambiente de empoderamento e solidariedade.<\/p>\n","protected":false},"excerpt":{"rendered":"<p>Benef\u00edcios de se tornar membro da AEMTL Ao tornar-se membro da AEMTL, poder\u00e1 usufruir de v\u00e1rias vantagens, tais como: Rede de contactos empresariais Acesso a uma rede de contactos empresariais que oferece apoio, orienta\u00e7\u00e3o e oportunidades para colabora\u00e7\u00e3o a n\u00edvel nacional e internacional. Recursos e Forma\u00e7\u00e3o Beneficie de programas de forma\u00e7\u00e3o, workshops e outros recursos [&hellip;]<\/p>\n","protected":false},"author":1,"featured_media":0,"parent":83,"menu_order":0,"comment_status":"closed","ping_status":"closed","template":"","meta":{"footnotes":""},"class_list":["post-84","page","type-page","status-publish","hentry"],"_links":{"self":[{"href":"https:\/\/aemtl.org\/pt\/wp-json\/wp\/v2\/pages\/84","targetHints":{"allow":["GET"]}}],"collection":[{"href":"https:\/\/aemtl.org\/pt\/wp-json\/wp\/v2\/pages"}],"about":[{"href":"https:\/\/aemtl.org\/pt\/wp-json\/wp\/v2\/types\/page"}],"author":[{"embeddable":true,"href":"https:\/\/aemtl.org\/pt\/wp-json\/wp\/v2\/users\/1"}],"replies":[{"embeddable":true,"href":"https:\/\/aemtl.org\/pt\/wp-json\/wp\/v2\/comments?post=84"}],"version-history":[{"count":4,"href":"https:\/\/aemtl.org\/pt\/wp-json\/wp\/v2\/pages\/84\/revisions"}],"predecessor-version":[{"id":1131,"href":"https:\/\/aemtl.org\/pt\/wp-json\/wp\/v2\/pages\/84\/revisions\/1131"}],"up":[{"embeddable":true,"href":"https:\/\/aemtl.org\/pt\/wp-json\/wp\/v2\/pages\/83"}],"wp:attachment":[{"href":"https:\/\/aemtl.org\/pt\/wp-json\/wp\/v2\/media?parent=84"}],"curies":[{"name":"wp","href":"https:\/\/api.w.org\/{rel}","templated":true}]}}