{"id":19,"date":"2025-02-06T22:51:50","date_gmt":"2025-02-06T22:51:50","guid":{"rendered":"https:\/\/aemtl.org\/?page_id=19"},"modified":"2025-02-09T19:15:09","modified_gmt":"2025-02-09T19:15:09","slug":"aemtl","status":"publish","type":"page","link":"https:\/\/aemtl.org\/tetun\/aemtl\/","title":{"rendered":"AEMTL &#8211; Refer\u00e9nsia ba Emprez\u00e1ria Feto Timor-oan"},"content":{"rendered":"\n<p>Husi tempu <strong>AEMTL<\/strong> nia kria ona, <strong>esforsu boot<\/strong> atu sai refer\u00e9nsia nudar organizasaun feto iha set\u00f3r neg\u00f3siu, servisu atu <strong>defende partisipasaun boot liu feto sira iha vida ekon\u00f3mika rai nian<\/strong>. Desafiu barak mak akontese, tanba interna no eksterna, maib\u00e9 <strong>desafiu boot liu mak mentalidade<\/strong>.<\/p>\n\n\n\n<p>Iha realidade, ho <strong>advokasia barak, emponderamentu, promosaun no sosializasaun<\/strong>, ho <strong>val\u00f3r klaru kona-ba assertividade, no lideransa forte no firme<\/strong>, pos\u00edvel tebes atu <strong>hetan konfiansa husi parseiru sira<\/strong> no <strong>muda mentalidade ne\u2019eb\u00e9 iha agora<\/strong>, tanba membru sira rasik no tanba persepisaun entidade eksterna kona-ba <strong>papel AEMTL nian<\/strong>.<\/p>\n\n\n\n<p>Ohin loron, <strong>AEMTL<\/strong> nudar organizasaun ne\u2019eb\u00e9 <strong>respeita no forte<\/strong>, kompostu husi <strong>feto forte ne\u2019eb\u00e9 determinadu<\/strong> atu <strong>kontinua quebra <em>status quo<\/em> no luta ba Timor-Leste ne\u2019eb\u00e9 inkluzivu liut\u00e1n, partisipativu no produtivu<\/strong>.<\/p>\n\n\n\n<p>Iha tempu uluk, diskursu sira cheiu ho <strong>hanoin triste<\/strong>, agora <strong>diskursu membru AEMTL nian<\/strong> mak liuliu kona-ba <strong>prokuramentu investimentu, kooperasaun, asume risku no buka solusaun<\/strong>. <strong>Mentalidade &#8220;Hadi&#8221; sai maka\u2019as liut\u00e1n<\/strong>, iha lugar <strong>&#8220;Middlewoman&#8221; deit<\/strong>, no iha <strong>&#8220;Propriedade&#8221; no reinvestimentu<\/strong> iha lugar <strong>&#8220;Ganha ba Konsumo&#8221;<\/strong>.<\/p>\n\n\n\n<p>Ho <strong>emprez\u00e1riu feto ne\u2019eb\u00e9 konfiansa boot liuliu, forti iha superasaun difikuldade sira<\/strong>, no <strong>hamonizadu husi forsa kooperativa ne\u2019eb\u00e9 diak liut\u00e1n<\/strong>, <strong>emprez\u00e1riu feto AEMTL nian preparadu<\/strong> atu <strong>abraza desafiu foun ho klareza, inovasaun, kriatividade no perspic\u00e1cia finanseiramente iha jestaun investimentus sira<\/strong>.<\/p>\n\n\n\n<p><strong>Depend\u00e9nsia kiik liut\u00e1n ba projetus p\u00fablikus<\/strong> sai viz\u00edvel liut\u00e1n. <strong>Kuota 30% ne\u2019eb\u00e9 rezerva ba feto sira iha prosesu kontrata p\u00fablikus<\/strong> hanesan vit\u00f3ria ne\u2019eb\u00e9 <strong>AEMTL kontribui imensamente ba nia kualidade, inovasaun no sustentabilidade ekon\u00f3mika<\/strong>. <strong>AEMTL hakarak servisu diak makas ne\u2019eb\u00e9 durad\u00f3ru no ho kustu minim\u00e1l<\/strong>.<\/p>\n\n\n\n<p><strong>AEMTL fiar katak estabelese ona baze s\u00f3lida<\/strong> hodi <strong>lider sira futuru bele konsolida, dezenvolve no hadi\u2019a tan AEMTL liuliu<\/strong> benef\u00edsiu ba ema hot-hotan ne\u2019eb\u00e9 <strong>&#8220;abriga&#8221; iha asosiasaun nian<\/strong> no ba <strong>sosiedade justa no pr\u00f3spera liut\u00e1n<\/strong>.<\/p>\n","protected":false},"excerpt":{"rendered":"<p>Husi tempu AEMTL nia kria ona, esforsu boot atu sai refer\u00e9nsia nudar organizasaun feto iha set\u00f3r neg\u00f3siu, servisu atu defende partisipasaun boot liu feto sira iha vida ekon\u00f3mika rai nian. Desafiu barak mak akontese, tanba interna no eksterna, maib\u00e9 desafiu boot liu mak mentalidade. Iha realidade, ho advokasia barak, emponderamentu, promosaun no sosializasaun, ho val\u00f3r [&hellip;]<\/p>\n","protected":false},"author":1,"featured_media":0,"parent":0,"menu_order":0,"comment_status":"closed","ping_status":"closed","template":"","meta":{"footnotes":""},"class_list":["post-19","page","type-page","status-publish","hentry"],"_links":{"self":[{"href":"https:\/\/aemtl.org\/tetun\/wp-json\/wp\/v2\/pages\/19","targetHints":{"allow":["GET"]}}],"collection":[{"href":"https:\/\/aemtl.org\/tetun\/wp-json\/wp\/v2\/pages"}],"about":[{"href":"https:\/\/aemtl.org\/tetun\/wp-json\/wp\/v2\/types\/page"}],"author":[{"embeddable":true,"href":"https:\/\/aemtl.org\/tetun\/wp-json\/wp\/v2\/users\/1"}],"replies":[{"embeddable":true,"href":"https:\/\/aemtl.org\/tetun\/wp-json\/wp\/v2\/comments?post=19"}],"version-history":[{"count":7,"href":"https:\/\/aemtl.org\/tetun\/wp-json\/wp\/v2\/pages\/19\/revisions"}],"predecessor-version":[{"id":1410,"href":"https:\/\/aemtl.org\/tetun\/wp-json\/wp\/v2\/pages\/19\/revisions\/1410"}],"wp:attachment":[{"href":"https:\/\/aemtl.org\/tetun\/wp-json\/wp\/v2\/media?parent=19"}],"curies":[{"name":"wp","href":"https:\/\/api.w.org\/{rel}","templated":true}]}}