{"id":86,"date":"2025-02-07T02:00:24","date_gmt":"2025-02-07T02:00:24","guid":{"rendered":"https:\/\/aemtl.org\/?page_id=86"},"modified":"2026-01-14T06:22:33","modified_gmt":"2026-01-14T06:22:33","slug":"partners","status":"publish","type":"page","link":"https:\/\/aemtl.org\/tetun\/partners\/","title":{"rendered":"Parseirus"},"content":{"rendered":"\n<p>AEMTL agradese ba apoiu tomak ne\u2019eb\u00e9 f\u00f3 husi ami nia parseiru nasion\u00e1l no internasion\u00e1l desde hahu asosiasaun ne\u2019e.<br>Ami fiar iha haburas parseria no servisu hamutuk, hodi maximiza rekursus no potensialidade ba emprez\u00e1ria timor-oan sira no ba nasaun nia dezenvolvimentu.<br>Ami hein atu kontinua apoiu ida-ne&#8217;e no haburas relasaun sira ne&#8217;eb\u00e9 metin ho parseiru sira ne&#8217;eb\u00e9 iha ona.<br>Kolaborasaun no parseria foun sira m\u00f3s diskute hela.<br>Obrigadu!<\/p>\n\n\n\n<div class=\"wp-block-group alignwide has-border-color has-base-2-border-color has-base-2-background-color has-background is-horizontal is-content-justification-center is-layout-flex wp-container-core-group-is-layout-1 wp-block-group-is-layout-flex\" style=\"border-width:10px;border-radius:15px;min-height:0px;padding-top:var(--wp--preset--spacing--30);padding-right:var(--wp--preset--spacing--30);padding-bottom:var(--wp--preset--spacing--30);padding-left:var(--wp--preset--spacing--30);box-shadow:var(--wp--preset--shadow--natural)\">\n<figure class=\"wp-block-image size-full\"><a href=\"https:\/\/timorleste.embassy.gov.au\/\" target=\"_blank\" rel=\" noreferrer noopener\"><img loading=\"lazy\" decoding=\"async\" width=\"180\" height=\"180\" src=\"https:\/\/aemtl.org\/wp-content\/uploads\/2025\/02\/Australian-Embassy.jpg\" alt=\"\" class=\"wp-image-1416\" srcset=\"https:\/\/aemtl.org\/wp-content\/uploads\/2025\/02\/Australian-Embassy.jpg 180w, https:\/\/aemtl.org\/wp-content\/uploads\/2025\/02\/Australian-Embassy-150x150.jpg 150w\" sizes=\"auto, (max-width: 180px) 100vw, 180px\" \/><\/a><\/figure>\n\n\n\n<figure class=\"wp-block-image size-full\"><img loading=\"lazy\" decoding=\"async\" width=\"180\" height=\"180\" src=\"https:\/\/aemtl.org\/wp-content\/uploads\/2025\/02\/Autoridade-Municipal-Dili.jpg\" alt=\"\" class=\"wp-image-1417\" srcset=\"https:\/\/aemtl.org\/wp-content\/uploads\/2025\/02\/Autoridade-Municipal-Dili.jpg 180w, https:\/\/aemtl.org\/wp-content\/uploads\/2025\/02\/Autoridade-Municipal-Dili-150x150.jpg 150w\" sizes=\"auto, (max-width: 180px) 100vw, 180px\" \/><\/figure>\n\n\n\n<figure class=\"wp-block-image size-full\"><img loading=\"lazy\" decoding=\"async\" width=\"180\" height=\"180\" src=\"https:\/\/aemtl.org\/wp-content\/uploads\/2025\/02\/Autoridade-Nacional-Petroleo-TIMOR.jpg\" alt=\"\" class=\"wp-image-1418\" srcset=\"https:\/\/aemtl.org\/wp-content\/uploads\/2025\/02\/Autoridade-Nacional-Petroleo-TIMOR.jpg 180w, https:\/\/aemtl.org\/wp-content\/uploads\/2025\/02\/Autoridade-Nacional-Petroleo-TIMOR-150x150.jpg 150w\" sizes=\"auto, (max-width: 180px) 100vw, 180px\" \/><\/figure>\n\n\n\n<figure class=\"wp-block-image size-full\"><img loading=\"lazy\" decoding=\"async\" width=\"180\" height=\"180\" src=\"https:\/\/aemtl.org\/wp-content\/uploads\/2025\/01\/BFZ-Germany.webp\" alt=\"\" class=\"wp-image-423\" srcset=\"https:\/\/aemtl.org\/wp-content\/uploads\/2025\/01\/BFZ-Germany.webp 180w, https:\/\/aemtl.org\/wp-content\/uploads\/2025\/01\/BFZ-Germany-150x150.webp 150w\" sizes=\"auto, (max-width: 180px) 100vw, 180px\" \/><\/figure>\n\n\n\n<figure class=\"wp-block-image size-full\"><img loading=\"lazy\" decoding=\"async\" width=\"180\" height=\"180\" src=\"https:\/\/aemtl.org\/wp-content\/uploads\/2025\/01\/Camara-de-Comercio-e-Industria-TL.webp\" alt=\"\" class=\"wp-image-425\" srcset=\"https:\/\/aemtl.org\/wp-content\/uploads\/2025\/01\/Camara-de-Comercio-e-Industria-TL.webp 180w, https:\/\/aemtl.org\/wp-content\/uploads\/2025\/01\/Camara-de-Comercio-e-Industria-TL-150x150.webp 150w\" sizes=\"auto, (max-width: 180px) 100vw, 180px\" \/><\/figure>\n\n\n\n<figure class=\"wp-block-image size-full\"><a href=\"https:\/\/www.lisboa.pt\/\" target=\"_blank\" rel=\" noreferrer noopener\"><img loading=\"lazy\" decoding=\"async\" width=\"180\" height=\"180\" src=\"https:\/\/aemtl.org\/wp-content\/uploads\/2025\/01\/Camara-Municipal-de-Lisboa.webp\" alt=\"\" class=\"wp-image-426\" srcset=\"https:\/\/aemtl.org\/wp-content\/uploads\/2025\/01\/Camara-Municipal-de-Lisboa.webp 180w, https:\/\/aemtl.org\/wp-content\/uploads\/2025\/01\/Camara-Municipal-de-Lisboa-150x150.webp 150w\" sizes=\"auto, (max-width: 180px) 100vw, 180px\" \/><\/a><\/figure>\n\n\n\n<figure class=\"wp-block-image size-full\"><img loading=\"lazy\" decoding=\"async\" width=\"180\" height=\"180\" src=\"https:\/\/aemtl.org\/wp-content\/uploads\/2025\/01\/Camees-Instituto-IP-1.webp\" alt=\"\" class=\"wp-image-428\" srcset=\"https:\/\/aemtl.org\/wp-content\/uploads\/2025\/01\/Camees-Instituto-IP-1.webp 180w, https:\/\/aemtl.org\/wp-content\/uploads\/2025\/01\/Camees-Instituto-IP-1-150x150.webp 150w\" sizes=\"auto, (max-width: 180px) 100vw, 180px\" \/><\/figure>\n\n\n\n<figure class=\"wp-block-image size-full\"><a href=\"https:\/\/www.facebook.com\/EUDTL\/\" target=\"_blank\" rel=\" noreferrer noopener\"><img loading=\"lazy\" decoding=\"async\" width=\"180\" height=\"180\" src=\"https:\/\/aemtl.org\/wp-content\/uploads\/2025\/01\/Delegacao-UE.webp\" alt=\"\" class=\"wp-image-429\" srcset=\"https:\/\/aemtl.org\/wp-content\/uploads\/2025\/01\/Delegacao-UE.webp 180w, https:\/\/aemtl.org\/wp-content\/uploads\/2025\/01\/Delegacao-UE-150x150.webp 150w\" sizes=\"auto, (max-width: 180px) 100vw, 180px\" \/><\/a><\/figure>\n\n\n\n<figure class=\"wp-block-image size-full\"><a href=\"https:\/\/ettgroup.biz\/\" target=\"_blank\" rel=\" noreferrer noopener\"><img loading=\"lazy\" decoding=\"async\" width=\"180\" height=\"180\" src=\"https:\/\/aemtl.org\/wp-content\/uploads\/2025\/01\/east-timor-trading.webp\" alt=\"\" class=\"wp-image-430\" srcset=\"https:\/\/aemtl.org\/wp-content\/uploads\/2025\/01\/east-timor-trading.webp 180w, https:\/\/aemtl.org\/wp-content\/uploads\/2025\/01\/east-timor-trading-150x150.webp 150w\" sizes=\"auto, (max-width: 180px) 100vw, 180px\" \/><\/a><\/figure>\n\n\n\n<figure class=\"wp-block-image size-full\"><img loading=\"lazy\" decoding=\"async\" width=\"180\" height=\"180\" src=\"https:\/\/aemtl.org\/wp-content\/uploads\/2025\/01\/Embaixada-de-Portugal.webp\" alt=\"\" class=\"wp-image-432\" srcset=\"https:\/\/aemtl.org\/wp-content\/uploads\/2025\/01\/Embaixada-de-Portugal.webp 180w, https:\/\/aemtl.org\/wp-content\/uploads\/2025\/01\/Embaixada-de-Portugal-150x150.webp 150w\" sizes=\"auto, (max-width: 180px) 100vw, 180px\" \/><\/figure>\n\n\n\n<figure class=\"wp-block-image size-full\"><img loading=\"lazy\" decoding=\"async\" width=\"180\" height=\"180\" src=\"https:\/\/aemtl.org\/wp-content\/uploads\/2025\/01\/Heineken.webp\" alt=\"\" class=\"wp-image-433\" srcset=\"https:\/\/aemtl.org\/wp-content\/uploads\/2025\/01\/Heineken.webp 180w, https:\/\/aemtl.org\/wp-content\/uploads\/2025\/01\/Heineken-150x150.webp 150w\" sizes=\"auto, (max-width: 180px) 100vw, 180px\" \/><\/figure>\n\n\n\n<figure class=\"wp-block-image size-full\"><img loading=\"lazy\" decoding=\"async\" width=\"180\" height=\"180\" src=\"https:\/\/aemtl.org\/wp-content\/uploads\/2025\/01\/IADE.webp\" alt=\"\" class=\"wp-image-434\" srcset=\"https:\/\/aemtl.org\/wp-content\/uploads\/2025\/01\/IADE.webp 180w, https:\/\/aemtl.org\/wp-content\/uploads\/2025\/01\/IADE-150x150.webp 150w\" sizes=\"auto, (max-width: 180px) 100vw, 180px\" \/><\/figure>\n\n\n\n<figure class=\"wp-block-image size-full\"><a href=\"https:\/\/www.ilo.org\/jakarta\/country\/timor-leste\/lang--en\/index.htm\" target=\"_blank\" rel=\" noreferrer noopener\"><img loading=\"lazy\" decoding=\"async\" width=\"180\" height=\"180\" src=\"https:\/\/aemtl.org\/wp-content\/uploads\/2025\/01\/ILO-1.webp\" alt=\"\" class=\"wp-image-436\" srcset=\"https:\/\/aemtl.org\/wp-content\/uploads\/2025\/01\/ILO-1.webp 180w, https:\/\/aemtl.org\/wp-content\/uploads\/2025\/01\/ILO-1-150x150.webp 150w\" sizes=\"auto, (max-width: 180px) 100vw, 180px\" \/><\/a><\/figure>\n\n\n\n<figure class=\"wp-block-image size-full\"><a href=\"https:\/\/www.ilo.org\/jakarta\/whatwedo\/projects\/WCMS_751181\/lang--en\/index.htm\" target=\"_blank\" rel=\" noreferrer noopener\"><img loading=\"lazy\" decoding=\"async\" width=\"180\" height=\"180\" src=\"https:\/\/aemtl.org\/wp-content\/uploads\/2025\/01\/ILO-SPOTLIGHT.webp\" alt=\"\" class=\"wp-image-437\" srcset=\"https:\/\/aemtl.org\/wp-content\/uploads\/2025\/01\/ILO-SPOTLIGHT.webp 180w, https:\/\/aemtl.org\/wp-content\/uploads\/2025\/01\/ILO-SPOTLIGHT-150x150.webp 150w\" sizes=\"auto, (max-width: 180px) 100vw, 180px\" \/><\/a><\/figure>\n\n\n\n<figure class=\"wp-block-image size-full\"><img loading=\"lazy\" decoding=\"async\" width=\"180\" height=\"180\" src=\"https:\/\/aemtl.org\/wp-content\/uploads\/2025\/01\/MCAE.webp\" alt=\"\" class=\"wp-image-438\" srcset=\"https:\/\/aemtl.org\/wp-content\/uploads\/2025\/01\/MCAE.webp 180w, https:\/\/aemtl.org\/wp-content\/uploads\/2025\/01\/MCAE-150x150.webp 150w\" sizes=\"auto, (max-width: 180px) 100vw, 180px\" \/><\/figure>\n\n\n\n<figure class=\"wp-block-image size-full\"><img loading=\"lazy\" decoding=\"async\" width=\"180\" height=\"180\" src=\"https:\/\/aemtl.org\/wp-content\/uploads\/2025\/01\/Reforco-Governacao-Urbana.webp\" alt=\"\" class=\"wp-image-439\" srcset=\"https:\/\/aemtl.org\/wp-content\/uploads\/2025\/01\/Reforco-Governacao-Urbana.webp 180w, https:\/\/aemtl.org\/wp-content\/uploads\/2025\/01\/Reforco-Governacao-Urbana-150x150.webp 150w\" sizes=\"auto, (max-width: 180px) 100vw, 180px\" \/><\/figure>\n\n\n\n<figure class=\"wp-block-image size-full\"><a href=\"https:\/\/www.santos.com\/news\/category\/timor-leste\/\" target=\"_blank\" rel=\" noreferrer noopener\"><img loading=\"lazy\" decoding=\"async\" width=\"180\" height=\"180\" src=\"https:\/\/aemtl.org\/wp-content\/uploads\/2025\/01\/Santos.webp\" alt=\"\" class=\"wp-image-440\" srcset=\"https:\/\/aemtl.org\/wp-content\/uploads\/2025\/01\/Santos.webp 180w, https:\/\/aemtl.org\/wp-content\/uploads\/2025\/01\/Santos-150x150.webp 150w\" sizes=\"auto, (max-width: 180px) 100vw, 180px\" \/><\/a><\/figure>\n\n\n\n<figure class=\"wp-block-image size-full\"><a href=\"https:\/\/secoop.gov.tl\/\" target=\"_blank\" rel=\" noreferrer noopener\"><img loading=\"lazy\" decoding=\"async\" width=\"180\" height=\"180\" src=\"https:\/\/aemtl.org\/wp-content\/uploads\/2025\/01\/SECOOP.webp\" alt=\"\" class=\"wp-image-441\" srcset=\"https:\/\/aemtl.org\/wp-content\/uploads\/2025\/01\/SECOOP.webp 180w, https:\/\/aemtl.org\/wp-content\/uploads\/2025\/01\/SECOOP-150x150.webp 150w\" sizes=\"auto, (max-width: 180px) 100vw, 180px\" \/><\/a><\/figure>\n\n\n\n<figure class=\"wp-block-image size-full\"><img loading=\"lazy\" decoding=\"async\" width=\"180\" height=\"180\" src=\"https:\/\/aemtl.org\/wp-content\/uploads\/2025\/01\/SERVE.webp\" alt=\"\" class=\"wp-image-443\" srcset=\"https:\/\/aemtl.org\/wp-content\/uploads\/2025\/01\/SERVE.webp 180w, https:\/\/aemtl.org\/wp-content\/uploads\/2025\/01\/SERVE-150x150.webp 150w\" sizes=\"auto, (max-width: 180px) 100vw, 180px\" \/><\/figure>\n\n\n\n<figure class=\"wp-block-image size-full\"><a href=\"https:\/\/telkomcel.tl\/\" target=\"_blank\" rel=\" noreferrer noopener\"><img loading=\"lazy\" decoding=\"async\" width=\"180\" height=\"180\" src=\"https:\/\/aemtl.org\/wp-content\/uploads\/2025\/01\/telkomcel.webp\" alt=\"\" class=\"wp-image-444\" srcset=\"https:\/\/aemtl.org\/wp-content\/uploads\/2025\/01\/telkomcel.webp 180w, https:\/\/aemtl.org\/wp-content\/uploads\/2025\/01\/telkomcel-150x150.webp 150w\" sizes=\"auto, (max-width: 180px) 100vw, 180px\" \/><\/a><\/figure>\n\n\n\n<figure class=\"wp-block-image size-full\"><a href=\"https:\/\/www.timortelecom.tl\/\" target=\"_blank\" rel=\" noreferrer noopener\"><img loading=\"lazy\" decoding=\"async\" width=\"180\" height=\"180\" src=\"https:\/\/aemtl.org\/wp-content\/uploads\/2025\/01\/timor-telecom.webp\" alt=\"\" class=\"wp-image-445\" srcset=\"https:\/\/aemtl.org\/wp-content\/uploads\/2025\/01\/timor-telecom.webp 180w, https:\/\/aemtl.org\/wp-content\/uploads\/2025\/01\/timor-telecom-150x150.webp 150w\" sizes=\"auto, (max-width: 180px) 100vw, 180px\" \/><\/a><\/figure>\n\n\n\n<figure class=\"wp-block-image size-full\"><a href=\"https:\/\/www.tradeinvest.tl\/\" target=\"_blank\" rel=\" noreferrer noopener\"><img loading=\"lazy\" decoding=\"async\" width=\"180\" height=\"180\" src=\"https:\/\/aemtl.org\/wp-content\/uploads\/2025\/01\/Tradeinvest.webp\" alt=\"\" class=\"wp-image-446\" srcset=\"https:\/\/aemtl.org\/wp-content\/uploads\/2025\/01\/Tradeinvest.webp 180w, https:\/\/aemtl.org\/wp-content\/uploads\/2025\/01\/Tradeinvest-150x150.webp 150w\" sizes=\"auto, (max-width: 180px) 100vw, 180px\" \/><\/a><\/figure>\n\n\n\n<figure class=\"wp-block-image size-full is-resized\"><a href=\"https:\/\/www.uccla.pt\/\" target=\"_blank\" rel=\" noreferrer noopener\"><img loading=\"lazy\" decoding=\"async\" width=\"180\" height=\"180\" src=\"https:\/\/aemtl.org\/wp-content\/uploads\/2025\/01\/UCCLA.webp\" alt=\"\" class=\"wp-image-447\" style=\"width:181px;height:auto\" srcset=\"https:\/\/aemtl.org\/wp-content\/uploads\/2025\/01\/UCCLA.webp 180w, https:\/\/aemtl.org\/wp-content\/uploads\/2025\/01\/UCCLA-150x150.webp 150w\" sizes=\"auto, (max-width: 180px) 100vw, 180px\" \/><\/a><\/figure>\n\n\n\n<figure class=\"wp-block-image size-full\"><a href=\"https:\/\/asiapacific.unwomen.org\/en\/countries\/timor-leste\"><img loading=\"lazy\" decoding=\"async\" width=\"180\" height=\"180\" src=\"https:\/\/aemtl.org\/wp-content\/uploads\/2025\/01\/UN-WOMEN.webp\" alt=\"\" class=\"wp-image-448\" srcset=\"https:\/\/aemtl.org\/wp-content\/uploads\/2025\/01\/UN-WOMEN.webp 180w, https:\/\/aemtl.org\/wp-content\/uploads\/2025\/01\/UN-WOMEN-150x150.webp 150w\" sizes=\"auto, (max-width: 180px) 100vw, 180px\" \/><\/a><\/figure>\n\n\n\n<figure class=\"wp-block-image size-full\"><a href=\"https:\/\/www.usaid.gov\/timor-leste\" target=\"_blank\" rel=\" noreferrer noopener\"><img loading=\"lazy\" decoding=\"async\" width=\"180\" height=\"180\" src=\"https:\/\/aemtl.org\/wp-content\/uploads\/2025\/01\/US-AID.webp\" alt=\"\" class=\"wp-image-449\" srcset=\"https:\/\/aemtl.org\/wp-content\/uploads\/2025\/01\/US-AID.webp 180w, https:\/\/aemtl.org\/wp-content\/uploads\/2025\/01\/US-AID-150x150.webp 150w\" sizes=\"auto, (max-width: 180px) 100vw, 180px\" \/><\/a><\/figure>\n\n\n\n<div class=\"wp-block-columns is-layout-flex wp-container-core-columns-is-layout-1 wp-block-columns-is-layout-flex\">\n<div class=\"wp-block-column is-layout-flow wp-block-column-is-layout-flow\" style=\"flex-basis:100%\">\n<figure class=\"wp-block-gallery has-nested-images columns-default is-cropped wp-block-gallery-1 is-layout-flex wp-block-gallery-is-layout-flex\">\n<figure class=\"wp-block-image size-full\"><img loading=\"lazy\" decoding=\"async\" width=\"180\" height=\"180\" src=\"https:\/\/aemtl.org\/wp-content\/uploads\/2025\/01\/US-Embassy.webp\" alt=\"\" class=\"wp-image-450\" srcset=\"https:\/\/aemtl.org\/wp-content\/uploads\/2025\/01\/US-Embassy.webp 180w, https:\/\/aemtl.org\/wp-content\/uploads\/2025\/01\/US-Embassy-150x150.webp 150w\" sizes=\"auto, (max-width: 180px) 100vw, 180px\" \/><\/figure>\n<\/figure>\n<\/div>\n<\/div>\n<\/div>\n\n\n\n<p><\/p>\n","protected":false},"excerpt":{"rendered":"<p>AEMTL agradese ba apoiu tomak ne\u2019eb\u00e9 f\u00f3 husi ami nia parseiru nasion\u00e1l no internasion\u00e1l desde hahu asosiasaun ne\u2019e.Ami fiar iha haburas parseria no servisu hamutuk, hodi maximiza rekursus no potensialidade ba emprez\u00e1ria timor-oan sira no ba nasaun nia dezenvolvimentu.Ami hein atu kontinua apoiu ida-ne&#8217;e no haburas relasaun sira ne&#8217;eb\u00e9 metin ho parseiru sira ne&#8217;eb\u00e9 iha [&hellip;]<\/p>\n","protected":false},"author":1,"featured_media":0,"parent":0,"menu_order":0,"comment_status":"closed","ping_status":"closed","template":"","meta":{"footnotes":""},"class_list":["post-86","page","type-page","status-publish","hentry"],"_links":{"self":[{"href":"https:\/\/aemtl.org\/tetun\/wp-json\/wp\/v2\/pages\/86","targetHints":{"allow":["GET"]}}],"collection":[{"href":"https:\/\/aemtl.org\/tetun\/wp-json\/wp\/v2\/pages"}],"about":[{"href":"https:\/\/aemtl.org\/tetun\/wp-json\/wp\/v2\/types\/page"}],"author":[{"embeddable":true,"href":"https:\/\/aemtl.org\/tetun\/wp-json\/wp\/v2\/users\/1"}],"replies":[{"embeddable":true,"href":"https:\/\/aemtl.org\/tetun\/wp-json\/wp\/v2\/comments?post=86"}],"version-history":[{"count":41,"href":"https:\/\/aemtl.org\/tetun\/wp-json\/wp\/v2\/pages\/86\/revisions"}],"predecessor-version":[{"id":2185,"href":"https:\/\/aemtl.org\/tetun\/wp-json\/wp\/v2\/pages\/86\/revisions\/2185"}],"wp:attachment":[{"href":"https:\/\/aemtl.org\/tetun\/wp-json\/wp\/v2\/media?parent=86"}],"curies":[{"name":"wp","href":"https:\/\/api.w.org\/{rel}","templated":true}]}}