{"id":90,"date":"2024-12-28T12:36:10","date_gmt":"2024-12-28T12:36:10","guid":{"rendered":"https:\/\/aemtl.org\/?page_id=90"},"modified":"2026-04-15T06:05:05","modified_gmt":"2026-04-15T06:05:05","slug":"events","status":"publish","type":"page","link":"https:\/\/aemtl.org\/tetun\/events\/","title":{"rendered":"Eventus"},"content":{"rendered":"\n<figure class=\"wp-block-image alignright size-full is-resized\"><img loading=\"lazy\" decoding=\"async\" width=\"800\" height=\"600\" src=\"https:\/\/aemtl.org\/wp-content\/uploads\/2025\/02\/events.webp\" alt=\"\" class=\"wp-image-594\" style=\"width:493px;height:auto\" srcset=\"https:\/\/aemtl.org\/wp-content\/uploads\/2025\/02\/events.webp 800w, https:\/\/aemtl.org\/wp-content\/uploads\/2025\/02\/events-300x225.webp 300w, https:\/\/aemtl.org\/wp-content\/uploads\/2025\/02\/events-768x576.webp 768w\" sizes=\"auto, (max-width: 800px) 100vw, 800px\" \/><\/figure>\n\n\n\n<p><strong>05 de Marco 2024<\/strong><\/p>\n\n\n\n<p>WORKSHOP BA IDEAS DILI INOVAR&nbsp;<\/p>\n\n\n\n<p>(Area Tematica; Servi\u00e7o \u2013 agencia trata documentos &#038; Meio Ambiente &#8211; Recyclagem)<\/p>\n\n\n\n<p><strong>19 de Marco 2024<\/strong><\/p>\n\n\n\n<p>Lansamento Website AEMTL<\/p>\n\n\n\n<p><strong>25 de Abril 2024<\/strong><\/p>\n\n\n\n<p>Seminario ADB \u2013 Feto : International Trade<\/p>\n\n\n\n<p><strong>26 de Abril<\/strong><\/p>\n\n\n\n<p>Anuncio resultado manan nain ba Kompeticao IDEAS DILI INNOVAR e Aniversario AEMTL.<\/p>\n\n\n\n<p><strong>16 de May 2024<\/strong><\/p>\n\n\n\n<p>Seminario Nacional ba Feto, Tema : Women Trade in ASEAN.<\/p>\n\n\n\n<p><strong>19 November 2024<\/strong><\/p>\n\n\n\n<p>Women Entrepreneurship&nbsp;Awards<\/p>\n\n\n\n<p><strong>13 de Janeiro 2025<\/strong><\/p>\n\n\n\n<p>Minist\u00e9riu Kom\u00e9rsiu no Ind\u00fastria (MCI), halo sorumutu ho AEMTL<\/p>\n\n\n\n<p><strong>11 de Julho 2025<\/strong><\/p>\n\n\n\n<p>Lansamentu Timor-Leste Business Women Awards<\/p>\n\n\n\n<p><strong>30 de Junho 2025<\/strong><\/p>\n\n\n\n<p>AEMTL Asina MOU ho IFC<\/p>\n\n\n\n<p><strong>19 de Novembro 2025<\/strong><\/p>\n\n\n\n<p>Anuncio Resultado Timor-Leste Business Women Awards<\/p>\n\n\n\n<p><strong>25 de Febreiro 2026<\/strong><\/p>\n\n\n\n<p>AEMTL meeting ho ITC<\/p>\n\n\n\n<p><strong>Marco 2026<\/strong><\/p>\n\n\n\n<p>Lansamentu Artss Center AEMTL<\/p>\n\n\n\n<p><strong>07 de Abril 2026<\/strong><\/p>\n\n\n\n<p>Lansamentu Projetu Agroforestry ILO no AEMTL<\/p>\n\n\n\n<p><strong>26 de April 2026<\/strong><\/p>\n\n\n\n<p>Aniversario AEMTL<\/p>\n\n\n\n<p><strong>04 de Maio 2026<\/strong><\/p>\n\n\n\n<p>Lansamento Timor-Leste Women Business Award<\/p>\n\n\n\n<p><\/p>\n","protected":false},"excerpt":{"rendered":"<p>05 de Marco 2024 WORKSHOP BA IDEAS DILI INOVAR&nbsp; (Area Tematica; Servi\u00e7o \u2013 agencia trata documentos &#038; Meio Ambiente &#8211; Recyclagem) 19 de Marco 2024 Lansamento Website AEMTL 25 de Abril 2024 Seminario ADB \u2013 Feto : International Trade 26 de Abril Anuncio resultado manan nain ba Kompeticao IDEAS DILI INNOVAR e Aniversario AEMTL. 16 [&hellip;]<\/p>\n","protected":false},"author":1,"featured_media":0,"parent":0,"menu_order":0,"comment_status":"closed","ping_status":"closed","template":"","meta":{"footnotes":""},"class_list":["post-90","page","type-page","status-publish","hentry"],"_links":{"self":[{"href":"https:\/\/aemtl.org\/tetun\/wp-json\/wp\/v2\/pages\/90","targetHints":{"allow":["GET"]}}],"collection":[{"href":"https:\/\/aemtl.org\/tetun\/wp-json\/wp\/v2\/pages"}],"about":[{"href":"https:\/\/aemtl.org\/tetun\/wp-json\/wp\/v2\/types\/page"}],"author":[{"embeddable":true,"href":"https:\/\/aemtl.org\/tetun\/wp-json\/wp\/v2\/users\/1"}],"replies":[{"embeddable":true,"href":"https:\/\/aemtl.org\/tetun\/wp-json\/wp\/v2\/comments?post=90"}],"version-history":[{"count":23,"href":"https:\/\/aemtl.org\/tetun\/wp-json\/wp\/v2\/pages\/90\/revisions"}],"predecessor-version":[{"id":2238,"href":"https:\/\/aemtl.org\/tetun\/wp-json\/wp\/v2\/pages\/90\/revisions\/2238"}],"wp:attachment":[{"href":"https:\/\/aemtl.org\/tetun\/wp-json\/wp\/v2\/media?parent=90"}],"curies":[{"name":"wp","href":"https:\/\/api.w.org\/{rel}","templated":true}]}}